{"id":15,"date":"2021-12-13T17:26:54","date_gmt":"2021-12-13T17:26:54","guid":{"rendered":"http:\/\/lacraquette.org\/?page_id=15"},"modified":"2025-09-23T13:19:38","modified_gmt":"2025-09-23T13:19:38","slug":"association","status":"publish","type":"page","link":"https:\/\/lacraquette.org\/?page_id=15","title":{"rendered":"Association"},"content":{"rendered":"\n<div class=\"wp-block-buttons is-layout-flex wp-block-buttons-is-layout-flex\">\n<div class=\"wp-block-button is-style-outline is-style-outline--1\"><a class=\"wp-block-button__link wp-element-button\" href=\"#Mission\">Mission de l&rsquo;association<\/a><\/div>\n\n\n\n<div class=\"wp-block-button is-style-outline is-style-outline--2\"><a class=\"wp-block-button__link wp-element-button\" href=\"#Objectifs\">Objectifs et enjeux<\/a><\/div>\n\n\n\n<div class=\"wp-block-button is-style-outline is-style-outline--3\"><a class=\"wp-block-button__link wp-element-button\" href=\"#Membres\">Les membres du CA<\/a><\/div>\n\n\n\n<div class=\"wp-block-button is-style-outline is-style-outline--4\"><a class=\"wp-block-button__link wp-element-button\" href=\"#Realisations\">R\u00e9alisations<\/a><\/div>\n<\/div>\n\n\n\n<p><\/p>\n\n\n\n<p><\/p>\n\n\n\n<h2 class=\"wp-block-heading\" id=\"Mission\">Mission de l&rsquo;association<\/h2>\n\n\n\n<p>La mission de l&rsquo;association est de pr\u00e9server et am\u00e9liorer la qualit\u00e9 du lac sous tous ses aspects (notamment environnement et qualit\u00e9 de vie).<\/p>\n\n\n\n<p><\/p>\n\n\n\n<h2 class=\"wp-block-heading\" id=\"Objectifs\">Objectifs et enjeux<\/h2>\n\n\n\n<p>L&rsquo;objectif de l&rsquo;association est de coordonner les efforts des riverains en actions concr\u00e8tes pour aider \u00e0 la r\u00e9alisation de notre mission. Nous consid\u00e9rons essentiel que les riverains aient acc\u00e8s \u00e0 l&rsquo;information importante quant au respect de l&rsquo;environnement et des r\u00e8glements concernant le lac.<\/p>\n\n\n\n<p><\/p>\n\n\n\n<h2 class=\"wp-block-heading\" id=\"Membres\">Les membres du conseil d&rsquo;administration<\/h2>\n\n\n\n<div class=\"wp-block-group\"><div class=\"wp-block-group__inner-container is-layout-flow wp-block-group-is-layout-flow\"><\/div><\/div>\n\n\n\n<figure class=\"wp-block-image size-large is-resized\"><img loading=\"lazy\" decoding=\"async\" width=\"599\" height=\"599\" src=\"http:\/\/lacraquette.org\/wp-content\/uploads\/2021\/12\/20210808_123032-Copy-e1639503075766.jpg\" alt=\"\" class=\"wp-image-11\" style=\"width:300px;height:300px\" srcset=\"https:\/\/lacraquette.org\/wp-content\/uploads\/2021\/12\/20210808_123032-Copy-e1639503075766.jpg 599w, https:\/\/lacraquette.org\/wp-content\/uploads\/2021\/12\/20210808_123032-Copy-e1639503075766-300x300.jpg 300w, https:\/\/lacraquette.org\/wp-content\/uploads\/2021\/12\/20210808_123032-Copy-e1639503075766-150x150.jpg 150w\" sizes=\"auto, (max-width: 599px) 100vw, 599px\" \/><figcaption class=\"wp-element-caption\">Dominique Dallaire &#8211; Pr\u00e9sidente<\/figcaption><\/figure>\n\n\n\n<figure class=\"wp-block-image size-large is-resized\"><img loading=\"lazy\" decoding=\"async\" width=\"599\" height=\"599\" src=\"http:\/\/lacraquette.org\/wp-content\/uploads\/2021\/12\/20210808_123050-Copy-e1639502453448.jpg\" alt=\"\" class=\"wp-image-13\" style=\"width:300px;height:300px\" srcset=\"https:\/\/lacraquette.org\/wp-content\/uploads\/2021\/12\/20210808_123050-Copy-e1639502453448.jpg 599w, https:\/\/lacraquette.org\/wp-content\/uploads\/2021\/12\/20210808_123050-Copy-e1639502453448-300x300.jpg 300w, https:\/\/lacraquette.org\/wp-content\/uploads\/2021\/12\/20210808_123050-Copy-e1639502453448-150x150.jpg 150w\" sizes=\"auto, (max-width: 599px) 100vw, 599px\" \/><figcaption class=\"wp-element-caption\">Mathieu Lacroix &#8211; Vice-pr\u00e9sident<\/figcaption><\/figure>\n\n\n\n<figure class=\"wp-block-image size-large is-resized\"><img loading=\"lazy\" decoding=\"async\" width=\"599\" height=\"599\" src=\"http:\/\/lacraquette.org\/wp-content\/uploads\/2021\/12\/20210808_123014-Copy-e1639502798992.jpg\" alt=\"\" class=\"wp-image-9\" style=\"width:300px;height:300px\" srcset=\"https:\/\/lacraquette.org\/wp-content\/uploads\/2021\/12\/20210808_123014-Copy-e1639502798992.jpg 599w, https:\/\/lacraquette.org\/wp-content\/uploads\/2021\/12\/20210808_123014-Copy-e1639502798992-300x300.jpg 300w, https:\/\/lacraquette.org\/wp-content\/uploads\/2021\/12\/20210808_123014-Copy-e1639502798992-150x150.jpg 150w\" sizes=\"auto, (max-width: 599px) 100vw, 599px\" \/><figcaption class=\"wp-element-caption\">Patrick Charest &#8211; Tr\u00e9sorier<\/figcaption><\/figure>\n\n\n\n<figure class=\"wp-block-image size-large is-resized\"><img loading=\"lazy\" decoding=\"async\" width=\"599\" height=\"599\" src=\"http:\/\/lacraquette.org\/wp-content\/uploads\/2021\/12\/20210808_123041-Copy-e1639502677870.jpg\" alt=\"\" class=\"wp-image-12\" style=\"width:300px;height:300px\" srcset=\"https:\/\/lacraquette.org\/wp-content\/uploads\/2021\/12\/20210808_123041-Copy-e1639502677870.jpg 599w, https:\/\/lacraquette.org\/wp-content\/uploads\/2021\/12\/20210808_123041-Copy-e1639502677870-300x300.jpg 300w, https:\/\/lacraquette.org\/wp-content\/uploads\/2021\/12\/20210808_123041-Copy-e1639502677870-150x150.jpg 150w\" sizes=\"auto, (max-width: 599px) 100vw, 599px\" \/><figcaption class=\"wp-element-caption\">Christian Lacroix &#8211; Directeur<\/figcaption><\/figure>\n\n\n\n<figure class=\"wp-block-image size-full is-resized\"><img loading=\"lazy\" decoding=\"async\" width=\"301\" height=\"301\" src=\"https:\/\/lacraquette.org\/wp-content\/uploads\/2022\/09\/13407260_807377929394084_7660124757586189486_n.jpg\" alt=\"\" class=\"wp-image-166\" style=\"width:300px;height:300px\" srcset=\"https:\/\/lacraquette.org\/wp-content\/uploads\/2022\/09\/13407260_807377929394084_7660124757586189486_n.jpg 301w, https:\/\/lacraquette.org\/wp-content\/uploads\/2022\/09\/13407260_807377929394084_7660124757586189486_n-150x150.jpg 150w\" sizes=\"auto, (max-width: 301px) 100vw, 301px\" \/><figcaption class=\"wp-element-caption\">Louis-Marc Rodrigue &#8211; Directeur<\/figcaption><\/figure>\n\n\n\n<figure class=\"wp-block-image size-full is-resized\"><img loading=\"lazy\" decoding=\"async\" width=\"1688\" height=\"1688\" src=\"http:\/\/lacraquette.org\/wp-content\/uploads\/2024\/07\/Sophie-Labbe.jpg\" alt=\"\" class=\"wp-image-220\" style=\"width:300px;height:300px\" srcset=\"https:\/\/lacraquette.org\/wp-content\/uploads\/2024\/07\/Sophie-Labbe.jpg 1688w, https:\/\/lacraquette.org\/wp-content\/uploads\/2024\/07\/Sophie-Labbe-300x300.jpg 300w, https:\/\/lacraquette.org\/wp-content\/uploads\/2024\/07\/Sophie-Labbe-1024x1024.jpg 1024w, https:\/\/lacraquette.org\/wp-content\/uploads\/2024\/07\/Sophie-Labbe-150x150.jpg 150w, https:\/\/lacraquette.org\/wp-content\/uploads\/2024\/07\/Sophie-Labbe-768x768.jpg 768w, https:\/\/lacraquette.org\/wp-content\/uploads\/2024\/07\/Sophie-Labbe-1536x1536.jpg 1536w, https:\/\/lacraquette.org\/wp-content\/uploads\/2024\/07\/Sophie-Labbe-1568x1568.jpg 1568w\" sizes=\"auto, (max-width: 1688px) 100vw, 1688px\" \/><figcaption class=\"wp-element-caption\">Sophie Labb\u00e9 &#8211; Directeure<\/figcaption><\/figure>\n\n\n\n<figure class=\"wp-block-image size-full is-resized\"><img loading=\"lazy\" decoding=\"async\" width=\"640\" height=\"640\" src=\"https:\/\/lacraquette.org\/wp-content\/uploads\/2025\/09\/Renee.jpg\" alt=\"\" class=\"wp-image-240\" style=\"width:300px;height:300px\" srcset=\"https:\/\/lacraquette.org\/wp-content\/uploads\/2025\/09\/Renee.jpg 640w, https:\/\/lacraquette.org\/wp-content\/uploads\/2025\/09\/Renee-300x300.jpg 300w, https:\/\/lacraquette.org\/wp-content\/uploads\/2025\/09\/Renee-150x150.jpg 150w\" sizes=\"auto, (max-width: 640px) 100vw, 640px\" \/><figcaption class=\"wp-element-caption\">Ren\u00e9e St-Hilaire &#8211; Directeure<\/figcaption><\/figure>\n\n\n\n<h2 class=\"wp-block-heading\" id=\"Realisations\">R\u00e9alisations<\/h2>\n\n\n\n<p>Quelques r\u00e9alisations de l&rsquo;association :<\/p>\n\n\n\n<ul class=\"wp-block-list\">\n<li>Obtention d&rsquo;un permis du minist\u00e8re de la faune pour r\u00e9introduire (repeupler) la truite grise (touladis) dans le lac. La population de la truite grise \u00e9tait en fort d\u00e9clin depuis la p\u00eache non-r\u00e9glement\u00e9e des ann\u00e9es 70 et 80 ainsi que depuis l&rsquo;apparition du brochet. L&rsquo;ensemencement est en cours annuellement depuis 2021.<\/li>\n\n\n\n<li>Inventaire de l&rsquo;<a href=\"https:\/\/lacraquette.org\/?page_id=17#Env2\" data-type=\"URL\" data-id=\"https:\/\/lacraquette.org\/?page_id=17#Env2\">herbier<\/a> aquatique (2021). Une vid\u00e9oconf\u00e9rence a par ailleurs \u00e9t\u00e9 donn\u00e9e le mercredi 22 juin 2022, par Christian Lacroix pour expliquer les r\u00e9sultats de cet exercice. Voici le lien cers cette conf\u00e9rence :<\/li>\n<\/ul>\n\n\n\n<figure class=\"wp-block-embed is-type-video is-provider-youtube wp-block-embed-youtube wp-embed-aspect-16-9 wp-has-aspect-ratio\"><div class=\"wp-block-embed__wrapper\">\n<iframe loading=\"lazy\" title=\"Herbier du Lac Raquette\" width=\"750\" height=\"422\" src=\"https:\/\/www.youtube.com\/embed\/T6SG21hNU0w?feature=oembed\" frameborder=\"0\" allow=\"accelerometer; autoplay; clipboard-write; encrypted-media; gyroscope; picture-in-picture; web-share\" referrerpolicy=\"strict-origin-when-cross-origin\" allowfullscreen><\/iframe>\n<\/div><\/figure>\n\n\n\n<ul class=\"wp-block-list\">\n<li>Mise sur pied d&rsquo;une infrastructure informatique pour faciliter la communication, la conservation et le partage d&rsquo;information. En effet, puisque les riverains viennent et partent, tout comme les membres du conseil d&rsquo;administration de l&rsquo;association, il peut devenir difficile voire parfois impossible de s&rsquo;assurer que tout le travail, ainsi que toute l&rsquo;information demeure accessible \u00e0 tous au fil du temps. C&rsquo;est pourquoi nous avons mis sur pied ce site web, ainsi qu&rsquo;un serveur google o\u00f9 sont h\u00e9berg\u00e9s toutes les informations et documents des diff\u00e9rentes initiatives du conseil d&rsquo;administration.<\/li>\n\n\n\n<li>Suite \u00e0 de nombreuses d\u00e9marches et rencontres entre les membres du conseil et la municipalit\u00e9, lors de la s\u00e9ance r\u00e9guli\u00e8re du Conseil de la Municipalit\u00e9 de Saint-Beno\u00eet Labre, tenue le 4 avril 2023, a \u00e9t\u00e9 adopt\u00e9 \u00e0 l\u2019unanimit\u00e9, le r\u00e8glement No 628-2023 qui, sommairement, <strong>interdit les r\u00e9sidences de tourisme (location 30 jours et moins)<\/strong> et autorise la location des chalets et r\u00e9sidences secondaires, sous certaines conditions C.A.D. <strong>uniquement pour des p\u00e9riodes de 31 jours et plus<\/strong>.<\/li>\n<\/ul>\n","protected":false},"excerpt":{"rendered":"<p>Mission de l&rsquo;association La mission de l&rsquo;association est de pr\u00e9server et am\u00e9liorer la qualit\u00e9 du lac sous tous ses aspects (notamment environnement et qualit\u00e9 de vie). Objectifs et enjeux L&rsquo;objectif de l&rsquo;association est de coordonner les efforts des riverains en actions concr\u00e8tes pour aider \u00e0 la r\u00e9alisation de notre mission. Nous consid\u00e9rons essentiel que les&hellip; <a class=\"more-link\" href=\"https:\/\/lacraquette.org\/?page_id=15\">Poursuivre la lecture <span class=\"screen-reader-text\">Association<\/span><\/a><\/p>\n","protected":false},"author":1,"featured_media":0,"parent":0,"menu_order":0,"comment_status":"closed","ping_status":"closed","template":"","meta":{"footnotes":""},"class_list":["post-15","page","type-page","status-publish","hentry","entry"],"_links":{"self":[{"href":"https:\/\/lacraquette.org\/index.php?rest_route=\/wp\/v2\/pages\/15","targetHints":{"allow":["GET"]}}],"collection":[{"href":"https:\/\/lacraquette.org\/index.php?rest_route=\/wp\/v2\/pages"}],"about":[{"href":"https:\/\/lacraquette.org\/index.php?rest_route=\/wp\/v2\/types\/page"}],"author":[{"embeddable":true,"href":"https:\/\/lacraquette.org\/index.php?rest_route=\/wp\/v2\/users\/1"}],"replies":[{"embeddable":true,"href":"https:\/\/lacraquette.org\/index.php?rest_route=%2Fwp%2Fv2%2Fcomments&post=15"}],"version-history":[{"count":21,"href":"https:\/\/lacraquette.org\/index.php?rest_route=\/wp\/v2\/pages\/15\/revisions"}],"predecessor-version":[{"id":241,"href":"https:\/\/lacraquette.org\/index.php?rest_route=\/wp\/v2\/pages\/15\/revisions\/241"}],"wp:attachment":[{"href":"https:\/\/lacraquette.org\/index.php?rest_route=%2Fwp%2Fv2%2Fmedia&parent=15"}],"curies":[{"name":"wp","href":"https:\/\/api.w.org\/{rel}","templated":true}]}}