{"id":16,"date":"2021-12-13T17:26:54","date_gmt":"2021-12-13T17:26:54","guid":{"rendered":"http:\/\/lacraquette.org\/?page_id=16"},"modified":"2025-02-06T20:15:44","modified_gmt":"2025-02-06T20:15:44","slug":"reglementation","status":"publish","type":"page","link":"https:\/\/lacraquette.org\/?page_id=16","title":{"rendered":"R\u00e8glementation"},"content":{"rendered":"\n<ul class=\"wp-block-list\">\n<li><a href=\"#Regmun\" data-type=\"internal\" data-id=\"#Regmun\">R\u00e8glements municipaux<\/a><\/li>\n\n\n\n<li><a href=\"#Regbonne\" data-type=\"internal\" data-id=\"#Regbonne\">R\u00e8glements de bonne entente<\/a><\/li>\n\n\n\n<li><a href=\"#Enboncomp\" data-type=\"internal\" data-id=\"#Enboncomp\">Embarcations nautiques (bon comportement)<\/a><\/li>\n\n\n\n<li><a href=\"#Encho\" data-type=\"internal\" data-id=\"#Encho\">Embarcations nautiques (choisir le bon bateau)<\/a><\/li>\n<\/ul>\n\n\n\n<h2 class=\"wp-block-heading\" id=\"Regmun\">R\u00e8glements municipaux<\/h2>\n\n\n\n<p>Il est possible de consulter les r\u00e8glements municipaux sur le site de la municipalit\u00e9 de St-Benoit-L\u00e2bre dans la section urbanisme.<\/p>\n\n\n\n<p>Vous pouvez vous y rendre en <a rel=\"noreferrer noopener\" href=\"https:\/\/saintbenoitlabre.com\/reglements-d-urbanisme\/\" data-type=\"URL\" data-id=\"https:\/\/saintbenoitlabre.com\/reglements-d-urbanisme\/\" target=\"_blank\">cliquant ici<\/a>.<\/p>\n\n\n\n<p>Lors de la s\u00e9ance r\u00e9guli\u00e8re du Conseil de la Municipalit\u00e9 de Saint-Beno\u00eet Labre, tenue le 4 avril 2023, a \u00e9t\u00e9 adopt\u00e9 \u00e0 l\u2019unanimit\u00e9, le r\u00e8glement No 628-2023 qui, sommairement, <strong>interdit les r\u00e9sidences de tourisme (location 30 jours et moins)<\/strong> et autorise la location des chalets et r\u00e9sidences secondaires, sous certaines conditions C.A.D. <strong>uniquement pour des p\u00e9riodes de 31 jours et plus<\/strong>.<\/p>\n\n\n\n<h2 class=\"wp-block-heading\" id=\"Regbonne\">R\u00e8glements de bonne entente<\/h2>\n\n\n\n<p>Afin que la vie au lac soit agr\u00e9able pour tous ainsi que pour pr\u00e9server la qualit\u00e9 d&rsquo;eau du lac, les riverains ont convenus de certains r\u00e8glements de bonne entente :<\/p>\n\n\n\n<ul class=\"wp-block-list\">\n<li>Interdiction de circuler avec des v\u00e9hicules bruyants autour du lac (exemple: motocross ou 4 roues (VTT) sport (de course);<\/li>\n\n\n\n<li>\u00c9viter le bruit excessif avant 9:00 le matin et apr\u00e8s 23:00 le soir;<\/li>\n\n\n\n<li>Pr\u00e9venir l&rsquo;\u00e9rosion des sols en prot\u00e9geant sa bande riveraine;<\/li>\n\n\n\n<li>Interdiction de se laver dans le lac ou de laver son animal de compagnie peu importe le savon utilis\u00e9;<\/li>\n\n\n\n<li>Interdiction de jeter des d\u00e9ch\u00eats dans le lac (gazon, cigarette, canette, cendre, chaux, etc.);<\/li>\n\n\n\n<li>Interdiction de faire des feux d&rsquo;artifices au dessus du lac;<\/li>\n\n\n\n<li>Interdiction d&rsquo;\u00e9pandre engrais ou produits chimiques (pesticides) sur la pelouse, utilisation de compost v\u00e9g\u00e9tal seulement pour les jardins;<\/li>\n\n\n\n<li>S&rsquo;assurer que son installation septique est conforme et vidang\u00e9e r\u00e9guli\u00e8rement.<\/li>\n<\/ul>\n\n\n\n<h2 class=\"wp-block-heading\" id=\"Enboncomp\">Embarcations nautiques (bons comportement)<\/h2>\n\n\n\n<p>La circulation en bateau sur le lac comporte certains risques. Les conducteurs de bateau doivent faire preuve de vigilance en tout temps lorsqu&rsquo;ils circulent sur le lac. Voici quelques r\u00e8gles de conduite \u00e0 observer pour la s\u00e9curit\u00e9 de tous :<\/p>\n\n\n\n<ul class=\"wp-block-list\">\n<li>Circulation en sens anti-horaire en tout temps;<\/li>\n\n\n\n<li>Circulation \u00e0 haute vitesse permise \u00e0 l&rsquo;ext\u00e9rieur des bou\u00e9es blanches seulement (qui sont situ\u00e9es \u00e0 140 pieds du bord);<\/li>\n\n\n\n<li>Les embarcations plus lentes (p\u00e9dalo, kayak, paddle board, planche, etc.) doivent circuler \u00e0 l&rsquo;int\u00e9rieur des bou\u00e9es blanches, particuli\u00e8rement lorsqu&rsquo;il y a des activit\u00e9s nautiques en cours ou lorsque des bateaux circulent \u00e0 haute vitesse;<\/li>\n\n\n\n<li><strong>Nettoyage d&#8217;embarcation obligatoire avant la mise \u00e0 l&rsquo;eau<\/strong>, particuli\u00e8rement si elle a \u00e9t\u00e9 sur d&rsquo;autres plans d&rsquo;eau.<\/li>\n<\/ul>\n\n\n\n<h2 class=\"wp-block-heading\" id=\"Encho\">Embarcations nautiques (choisir le bon bateau)<\/h2>\n\n\n\n<p>\u00c9tant donn\u00e9 la petite superficie du lac, il faut privil\u00e9gier les embarcations petites et l\u00e9g\u00e8res. Voici quelques informations concernant le choix d&rsquo;un bateau appropri\u00e9 pour le Lac Raquette :<\/p>\n\n\n\n<ul class=\"wp-block-list\">\n<li>Moteur 4 temps obligatoire ou moteur 2 temps r\u00e9cent avec certification EPA minimum 3 \u00e9toiles;<\/li>\n\n\n\n<li>Limite de puissance pour les moteurs hors-bord de 135 forces (4 cylindres de 3.0L pour les moteurs in-board*);<\/li>\n\n\n\n<li>Longueur maximum de 20 pieds.<\/li>\n\n\n\n<li>Interdiction aux motomarines (Sea-doo) ou aux bateaux avec moteurs \u00e0 turbines;<\/li>\n\n\n\n<li>Interdiction aux bateaux de style wake-surf qui produisent de trop grosses vagues responsables de l&rsquo;\u00e9rosion des berges;<\/li>\n\n\n\n<li>Interdiction aux pontons : de par sa petite taille, le lac devient rapidement achaland\u00e9 lorsque les bateaux pratiquent les sports nautiques. Afin de maintenir la s\u00e9curit\u00e9 de tous, nous avons convenu que les pontons sont trop gros pour la taille du lac et seraient probl\u00e9matiques pour permettre aux autres bateaux de pratiquer s\u00e9curitairement des sports nautiques. De plus, les pontons \u00e9quip\u00e9s de moteurs puissants g\u00e9n\u00e8rent de trop grosses vagues pour la grosseur du lac lorsqu&rsquo;ils circulent \u00e0 haute vitesse.<\/li>\n<\/ul>\n\n\n\n<p>*\u00c0 titre informatif, puisque le descriptif des moteurs de bateaux de type in-board est souvent indiqu\u00e9 en litres plut\u00f4t qu&rsquo;en force, voici l&rsquo;\u00e9quivalence force vs grosseur de moteur :<\/p>\n\n\n\n<ul class=\"wp-block-list\">\n<li>135 hp =&nbsp;4 cylindres 3.0L<\/li>\n\n\n\n<li>190 hp = 6 cylindres 4.3L<\/li>\n\n\n\n<li>220 hp = 8 cylindres 5.0L<\/li>\n\n\n\n<li>250 hp = 8 cylindres 5.7L<\/li>\n<\/ul>\n","protected":false},"excerpt":{"rendered":"<p>R\u00e8glements municipaux Il est possible de consulter les r\u00e8glements municipaux sur le site de la municipalit\u00e9 de St-Benoit-L\u00e2bre dans la section urbanisme. Vous pouvez vous y rendre en cliquant ici. Lors de la s\u00e9ance r\u00e9guli\u00e8re du Conseil de la Municipalit\u00e9 de Saint-Beno\u00eet Labre, tenue le 4 avril 2023, a \u00e9t\u00e9 adopt\u00e9 \u00e0 l\u2019unanimit\u00e9, le r\u00e8glement&hellip; <a class=\"more-link\" href=\"https:\/\/lacraquette.org\/?page_id=16\">Poursuivre la lecture <span class=\"screen-reader-text\">R\u00e8glementation<\/span><\/a><\/p>\n","protected":false},"author":1,"featured_media":0,"parent":0,"menu_order":0,"comment_status":"closed","ping_status":"closed","template":"","meta":{"footnotes":""},"class_list":["post-16","page","type-page","status-publish","hentry","entry"],"_links":{"self":[{"href":"https:\/\/lacraquette.org\/index.php?rest_route=\/wp\/v2\/pages\/16","targetHints":{"allow":["GET"]}}],"collection":[{"href":"https:\/\/lacraquette.org\/index.php?rest_route=\/wp\/v2\/pages"}],"about":[{"href":"https:\/\/lacraquette.org\/index.php?rest_route=\/wp\/v2\/types\/page"}],"author":[{"embeddable":true,"href":"https:\/\/lacraquette.org\/index.php?rest_route=\/wp\/v2\/users\/1"}],"replies":[{"embeddable":true,"href":"https:\/\/lacraquette.org\/index.php?rest_route=%2Fwp%2Fv2%2Fcomments&post=16"}],"version-history":[{"count":12,"href":"https:\/\/lacraquette.org\/index.php?rest_route=\/wp\/v2\/pages\/16\/revisions"}],"predecessor-version":[{"id":223,"href":"https:\/\/lacraquette.org\/index.php?rest_route=\/wp\/v2\/pages\/16\/revisions\/223"}],"wp:attachment":[{"href":"https:\/\/lacraquette.org\/index.php?rest_route=%2Fwp%2Fv2%2Fmedia&parent=16"}],"curies":[{"name":"wp","href":"https:\/\/api.w.org\/{rel}","templated":true}]}}