{"id":176,"date":"2022-11-02T17:20:09","date_gmt":"2022-11-02T17:20:09","guid":{"rendered":"https:\/\/lacraquette.org\/?page_id=176"},"modified":"2025-06-17T20:56:27","modified_gmt":"2025-06-17T20:56:27","slug":"mise-a-leau","status":"publish","type":"page","link":"https:\/\/lacraquette.org\/?page_id=176","title":{"rendered":"Mise \u00e0 l&rsquo;eau"},"content":{"rendered":"\n<ul class=\"wp-block-list\">\n<li><a href=\"#Reg\" data-type=\"internal\" data-id=\"#Reg\">R\u00e9glementation<\/a><\/li>\n\n\n\n<li><a href=\"#Net\" data-type=\"internal\" data-id=\"#Net\">Proc\u00e9dure et nettoyage<\/a><\/li>\n\n\n\n<li><a href=\"#Acces\" data-type=\"internal\" data-id=\"#Acces\">Acc\u00e8s au d\u00e9barcad\u00e8re<\/a><\/li>\n<\/ul>\n\n\n\n<h2 class=\"wp-block-heading\" id=\"Reg\">R\u00e9glementation<\/h2>\n\n\n\n<p>Nous invitons tous les riverains \u00e0 prendre connaissance des embarcations permises sur le lac, notamment les types d&#8217;embarcations, la taille maximale, et la puissance maximale permise dans la section <a href=\"https:\/\/lacraquette.org\/?page_id=16#Encho\" data-type=\"URL\" data-id=\"https:\/\/lacraquette.org\/?page_id=16#Encho\">Choisir le bon bateau<\/a> de notre section r\u00e9glementation.<\/p>\n\n\n\n<h2 class=\"wp-block-heading\" id=\"Net\">Proc\u00e9dure et nettoyage<\/h2>\n\n\n\n<p>Afin de prot\u00e9ger le lac des plantes et esp\u00e8ces aquatiques envahissantes (myriophylle \u00e0 \u00e9pis, moules z\u00e9br\u00e9es, etc.), il est pr\u00e9f\u00e9rable d&rsquo;\u00e9viter que des embarcations (de tout type : bateau, p\u00e9dale, kayak, paddle board, etc.) provenant d&rsquo;autres plants d&rsquo;eau soient admises sur le lac.<\/p>\n\n\n\n<p>Si vous venez d&rsquo;acqu\u00e9rir une nouvelle embarcation et souhaitez en faire la mise \u00e0 l&rsquo;eau, celle-ci doit \u00eatre soigneusement nettoy\u00e9e afin de s&rsquo;assurer qu&rsquo;elle n&rsquo;apporte pas avec elle des organismes qui peuvent compromettre la qualit\u00e9 de notre lac.<\/p>\n\n\n\n<p>Voici un lien vers un guide de lavage des embarcations :<br><a href=\"https:\/\/rappel.qc.ca\/fiches-informatives\/lavage-des-embarcations\/\">https:\/\/rappel.qc.ca\/fiches-informatives\/lavage-des-embarcations\/<\/a><\/p>\n\n\n\n<p>L\u2019importance de la pr\u00e9vention dans la lutte aux envahisseurs aquatiques :<\/p>\n\n\n\n<figure class=\"wp-block-embed is-type-video is-provider-youtube wp-block-embed-youtube wp-embed-aspect-16-9 wp-has-aspect-ratio\"><div class=\"wp-block-embed__wrapper\">\n<iframe loading=\"lazy\" title=\"L\u2019importance de la pr\u00e9vention dans la lutte aux envahisseurs aquatiques\" width=\"750\" height=\"422\" src=\"https:\/\/www.youtube.com\/embed\/8qvF2VDhXrE?feature=oembed\" frameborder=\"0\" allow=\"accelerometer; autoplay; clipboard-write; encrypted-media; gyroscope; picture-in-picture; web-share\" referrerpolicy=\"strict-origin-when-cross-origin\" allowfullscreen><\/iframe>\n<\/div><\/figure>\n\n\n\n<p>Lavez, videz, s\u00e9chez &#8211; Embarcations motoris\u00e9es :<\/p>\n\n\n\n<figure class=\"wp-block-embed is-type-video is-provider-youtube wp-block-embed-youtube wp-embed-aspect-16-9 wp-has-aspect-ratio\"><div class=\"wp-block-embed__wrapper\">\n<iframe loading=\"lazy\" title=\"Lavez, videz, s\u00e9chez - Embarcations motoris\u00e9es\" width=\"750\" height=\"422\" src=\"https:\/\/www.youtube.com\/embed\/NjR93F1xuFY?feature=oembed\" frameborder=\"0\" allow=\"accelerometer; autoplay; clipboard-write; encrypted-media; gyroscope; picture-in-picture; web-share\" referrerpolicy=\"strict-origin-when-cross-origin\" allowfullscreen><\/iframe>\n<\/div><\/figure>\n\n\n\n<p>Lavez, videz, s\u00e9chez &#8211; Embarcations non motoris\u00e9es :<\/p>\n\n\n\n<figure class=\"wp-block-embed is-type-video is-provider-youtube wp-block-embed-youtube wp-embed-aspect-16-9 wp-has-aspect-ratio\"><div class=\"wp-block-embed__wrapper\">\n<iframe loading=\"lazy\" title=\"Lavez, videz, s\u00e9chez - Embarcations non motoris\u00e9es\" width=\"750\" height=\"422\" src=\"https:\/\/www.youtube.com\/embed\/iNEtNinJPjs?feature=oembed\" frameborder=\"0\" allow=\"accelerometer; autoplay; clipboard-write; encrypted-media; gyroscope; picture-in-picture; web-share\" referrerpolicy=\"strict-origin-when-cross-origin\" allowfullscreen><\/iframe>\n<\/div><\/figure>\n\n\n\n<h2 class=\"wp-block-heading\" id=\"Acces\">Acc\u00e8s au d\u00e9barcad\u00e8re<\/h2>\n\n\n\n<p>Le d\u00e9barcad\u00e8re est situ\u00e9 sur un terrain priv\u00e9 et est cadenass\u00e9 en tout temps. Les <a href=\"https:\/\/lacraquette.org\/?page_id=15#Membres\" data-type=\"URL\" data-id=\"https:\/\/lacraquette.org\/?page_id=15#Membres\">membres du conseil d&rsquo;administration<\/a> ont la cl\u00e9 du d\u00e9barcad\u00e8re en leur possession. Vous devez donc contacter l&rsquo;un des membre pour emprunter la cl\u00e9 si vous d\u00e9sirez faire une mise \u00e0 l&rsquo;eau. Les membres ont d&rsquo;ailleurs la responsabilit\u00e9 de v\u00e9rifier la provenance de votre embarcartion et si elle a \u00e9t\u00e9 nettoy\u00e9e ad\u00e9quatement avant la mise \u00e0 l&rsquo;eau.<\/p>\n\n\n\n<p>Vous pouvez contacter <a href=\"mailto:conseil@lacraquette.org\">conseil@lacraquette.org<\/a> pour faire votre demande et laisser vos coordonn\u00e9es et l&rsquo;un des membres du conseil pourra vous r\u00e9pondre.<\/p>\n","protected":false},"excerpt":{"rendered":"<p>R\u00e9glementation Nous invitons tous les riverains \u00e0 prendre connaissance des embarcations permises sur le lac, notamment les types d&#8217;embarcations, la taille maximale, et la puissance maximale permise dans la section Choisir le bon bateau de notre section r\u00e9glementation. Proc\u00e9dure et nettoyage Afin de prot\u00e9ger le lac des plantes et esp\u00e8ces aquatiques envahissantes (myriophylle \u00e0 \u00e9pis,&hellip; <a class=\"more-link\" href=\"https:\/\/lacraquette.org\/?page_id=176\">Poursuivre la lecture <span class=\"screen-reader-text\">Mise \u00e0 l&rsquo;eau<\/span><\/a><\/p>\n","protected":false},"author":1,"featured_media":0,"parent":0,"menu_order":0,"comment_status":"closed","ping_status":"closed","template":"","meta":{"footnotes":""},"class_list":["post-176","page","type-page","status-publish","hentry","entry"],"_links":{"self":[{"href":"https:\/\/lacraquette.org\/index.php?rest_route=\/wp\/v2\/pages\/176","targetHints":{"allow":["GET"]}}],"collection":[{"href":"https:\/\/lacraquette.org\/index.php?rest_route=\/wp\/v2\/pages"}],"about":[{"href":"https:\/\/lacraquette.org\/index.php?rest_route=\/wp\/v2\/types\/page"}],"author":[{"embeddable":true,"href":"https:\/\/lacraquette.org\/index.php?rest_route=\/wp\/v2\/users\/1"}],"replies":[{"embeddable":true,"href":"https:\/\/lacraquette.org\/index.php?rest_route=%2Fwp%2Fv2%2Fcomments&post=176"}],"version-history":[{"count":6,"href":"https:\/\/lacraquette.org\/index.php?rest_route=\/wp\/v2\/pages\/176\/revisions"}],"predecessor-version":[{"id":235,"href":"https:\/\/lacraquette.org\/index.php?rest_route=\/wp\/v2\/pages\/176\/revisions\/235"}],"wp:attachment":[{"href":"https:\/\/lacraquette.org\/index.php?rest_route=%2Fwp%2Fv2%2Fmedia&parent=176"}],"curies":[{"name":"wp","href":"https:\/\/api.w.org\/{rel}","templated":true}]}}