{"id":19,"date":"2021-12-13T17:26:54","date_gmt":"2021-12-13T17:26:54","guid":{"rendered":"http:\/\/lacraquette.org\/?page_id=19"},"modified":"2022-06-03T15:40:25","modified_gmt":"2022-06-03T15:40:25","slug":"nous-joindre","status":"publish","type":"page","link":"https:\/\/lacraquette.org\/?page_id=19","title":{"rendered":"Nous joindre"},"content":{"rendered":"\n<p>Pour toute question par rapport \u00e0 l&rsquo;<strong>environnement<\/strong>, vous pouvez \u00e9crire \u00e0 :<\/p>\n\n\n\n<p><a href=\"mailto:environnement@lacraquette.org\">environnement@lacraquette.org<\/a><\/p>\n\n\n\n<p><\/p>\n\n\n\n<p>Pour toute question, demande ou commentaire d&rsquo;ordre g\u00e9n\u00e9ral au conseil, vous pouvez \u00e9crire \u00e0 :<\/p>\n\n\n\n<p><a href=\"mailto:conseil@lacraquette.org\">conseil@lacraquette.org<\/a><\/p>\n\n\n\n<p><\/p>\n\n\n\n<p>Pour contacter le pr\u00e9sident de l&rsquo;association, vous pouvez \u00e9crire \u00e0 :<\/p>\n\n\n\n<p><a href=\"mailto:president@lacraquette.org\">president@lacraquette.org<\/a><\/p>\n","protected":false},"excerpt":{"rendered":"<p>Pour toute question par rapport \u00e0 l&rsquo;environnement, vous pouvez \u00e9crire \u00e0 : environnement@lacraquette.org Pour toute question, demande ou commentaire d&rsquo;ordre g\u00e9n\u00e9ral au conseil, vous pouvez \u00e9crire \u00e0 : conseil@lacraquette.org Pour contacter le pr\u00e9sident de l&rsquo;association, vous pouvez \u00e9crire \u00e0 : president@lacraquette.org<\/p>\n","protected":false},"author":1,"featured_media":0,"parent":0,"menu_order":0,"comment_status":"closed","ping_status":"closed","template":"","meta":{"footnotes":""},"class_list":["post-19","page","type-page","status-publish","hentry","entry"],"_links":{"self":[{"href":"https:\/\/lacraquette.org\/index.php?rest_route=\/wp\/v2\/pages\/19","targetHints":{"allow":["GET"]}}],"collection":[{"href":"https:\/\/lacraquette.org\/index.php?rest_route=\/wp\/v2\/pages"}],"about":[{"href":"https:\/\/lacraquette.org\/index.php?rest_route=\/wp\/v2\/types\/page"}],"author":[{"embeddable":true,"href":"https:\/\/lacraquette.org\/index.php?rest_route=\/wp\/v2\/users\/1"}],"replies":[{"embeddable":true,"href":"https:\/\/lacraquette.org\/index.php?rest_route=%2Fwp%2Fv2%2Fcomments&post=19"}],"version-history":[{"count":3,"href":"https:\/\/lacraquette.org\/index.php?rest_route=\/wp\/v2\/pages\/19\/revisions"}],"predecessor-version":[{"id":59,"href":"https:\/\/lacraquette.org\/index.php?rest_route=\/wp\/v2\/pages\/19\/revisions\/59"}],"wp:attachment":[{"href":"https:\/\/lacraquette.org\/index.php?rest_route=%2Fwp%2Fv2%2Fmedia&parent=19"}],"curies":[{"name":"wp","href":"https:\/\/api.w.org\/{rel}","templated":true}]}}